{"id":2,"date":"2023-10-02T20:03:45","date_gmt":"2023-10-02T20:03:45","guid":{"rendered":"https:\/\/go-shop.cl\/?page_id=2"},"modified":"2023-10-02T20:49:35","modified_gmt":"2023-10-02T20:49:35","slug":"sample-page","status":"publish","type":"page","link":"https:\/\/go-shop.cl\/","title":{"rendered":"Importadora y distribuidora Goshop Ltda"},"content":{"rendered":"\n<p>Av. Jos\u00e9 Arrieta 6195, Pe\u00f1alol\u00e9n<\/p>\n\n\n\n<p>Tel: +56 2 2227 7337<\/p>\n\n\n\n<p>Correo: contacto@go-shop.cl<\/p>\n\n\n\n<p><\/p>\n","protected":false},"excerpt":{"rendered":"<p>Av. Jos\u00e9 Arrieta 6195, Pe\u00f1alol\u00e9n Tel: +56 2 2227 7337 Correo: contacto@go-shop.cl<\/p>\n","protected":false},"author":1,"featured_media":0,"parent":0,"menu_order":0,"comment_status":"closed","ping_status":"open","template":"","meta":{"footnotes":""},"class_list":["post-2","page","type-page","status-publish","hentry","entry"],"yoast_head":"<!-- This site is optimized with the Yoast SEO plugin v21.2 - https:\/\/yoast.com\/wordpress\/plugins\/seo\/ -->\n<title>Importadora y distribuidora Goshop Ltda - Importadora y distribuidora Goshop Ltda<\/title>\n<meta name=\"robots\" content=\"index, follow, max-snippet:-1, max-image-preview:large, max-video-preview:-1\" \/>\n<link rel=\"canonical\" href=\"https:\/\/go-shop.cl\/\" \/>\n<meta property=\"og:locale\" content=\"es_ES\" \/>\n<meta property=\"og:type\" content=\"article\" \/>\n<meta property=\"og:title\" content=\"Importadora y distribuidora Goshop Ltda - Importadora y distribuidora Goshop Ltda\" \/>\n<meta property=\"og:description\" content=\"Av. Jos\u00e9 Arrieta 6195, Pe\u00f1alol\u00e9n Tel: +56 2 2227 7337 Correo: contacto@go-shop.cl\" \/>\n<meta property=\"og:url\" content=\"https:\/\/go-shop.cl\/\" \/>\n<meta property=\"og:site_name\" content=\"Importadora y distribuidora Goshop Ltda\" \/>\n<meta property=\"article:modified_time\" content=\"2023-10-02T20:49:35+00:00\" \/>\n<meta name=\"twitter:card\" content=\"summary_large_image\" \/>\n<meta name=\"twitter:label1\" content=\"Tiempo de lectura\" \/>\n\t<meta name=\"twitter:data1\" content=\"1 minuto\" \/>\n<script type=\"application\/ld+json\" class=\"yoast-schema-graph\">{\"@context\":\"https:\/\/schema.org\",\"@graph\":[{\"@type\":\"WebPage\",\"@id\":\"https:\/\/go-shop.cl\/\",\"url\":\"https:\/\/go-shop.cl\/\",\"name\":\"Importadora y distribuidora Goshop Ltda - Importadora y distribuidora Goshop Ltda\",\"isPartOf\":{\"@id\":\"https:\/\/go-shop.cl\/#website\"},\"datePublished\":\"2023-10-02T20:03:45+00:00\",\"dateModified\":\"2023-10-02T20:49:35+00:00\",\"breadcrumb\":{\"@id\":\"https:\/\/go-shop.cl\/#breadcrumb\"},\"inLanguage\":\"es\",\"potentialAction\":[{\"@type\":\"ReadAction\",\"target\":[\"https:\/\/go-shop.cl\/\"]}]},{\"@type\":\"BreadcrumbList\",\"@id\":\"https:\/\/go-shop.cl\/#breadcrumb\",\"itemListElement\":[{\"@type\":\"ListItem\",\"position\":1,\"name\":\"Portada\",\"item\":\"https:\/\/go-shop.cl\/\"},{\"@type\":\"ListItem\",\"position\":2,\"name\":\"Importadora y distribuidora Goshop Ltda\"}]},{\"@type\":\"WebSite\",\"@id\":\"https:\/\/go-shop.cl\/#website\",\"url\":\"https:\/\/go-shop.cl\/\",\"name\":\"Importadora y distribuidora Goshop Ltda\",\"description\":\"\",\"potentialAction\":[{\"@type\":\"SearchAction\",\"target\":{\"@type\":\"EntryPoint\",\"urlTemplate\":\"https:\/\/go-shop.cl\/?s={search_term_string}\"},\"query-input\":\"required name=search_term_string\"}],\"inLanguage\":\"es\"}]}<\/script>\n<!-- \/ Yoast SEO plugin. -->","yoast_head_json":{"title":"Importadora y distribuidora Goshop Ltda - Importadora y distribuidora Goshop Ltda","robots":{"index":"index","follow":"follow","max-snippet":"max-snippet:-1","max-image-preview":"max-image-preview:large","max-video-preview":"max-video-preview:-1"},"canonical":"https:\/\/go-shop.cl\/","og_locale":"es_ES","og_type":"article","og_title":"Importadora y distribuidora Goshop Ltda - Importadora y distribuidora Goshop Ltda","og_description":"Av. Jos\u00e9 Arrieta 6195, Pe\u00f1alol\u00e9n Tel: +56 2 2227 7337 Correo: contacto@go-shop.cl","og_url":"https:\/\/go-shop.cl\/","og_site_name":"Importadora y distribuidora Goshop Ltda","article_modified_time":"2023-10-02T20:49:35+00:00","twitter_card":"summary_large_image","twitter_misc":{"Tiempo de lectura":"1 minuto"},"schema":{"@context":"https:\/\/schema.org","@graph":[{"@type":"WebPage","@id":"https:\/\/go-shop.cl\/","url":"https:\/\/go-shop.cl\/","name":"Importadora y distribuidora Goshop Ltda - Importadora y distribuidora Goshop Ltda","isPartOf":{"@id":"https:\/\/go-shop.cl\/#website"},"datePublished":"2023-10-02T20:03:45+00:00","dateModified":"2023-10-02T20:49:35+00:00","breadcrumb":{"@id":"https:\/\/go-shop.cl\/#breadcrumb"},"inLanguage":"es","potentialAction":[{"@type":"ReadAction","target":["https:\/\/go-shop.cl\/"]}]},{"@type":"BreadcrumbList","@id":"https:\/\/go-shop.cl\/#breadcrumb","itemListElement":[{"@type":"ListItem","position":1,"name":"Portada","item":"https:\/\/go-shop.cl\/"},{"@type":"ListItem","position":2,"name":"Importadora y distribuidora Goshop Ltda"}]},{"@type":"WebSite","@id":"https:\/\/go-shop.cl\/#website","url":"https:\/\/go-shop.cl\/","name":"Importadora y distribuidora Goshop Ltda","description":"","potentialAction":[{"@type":"SearchAction","target":{"@type":"EntryPoint","urlTemplate":"https:\/\/go-shop.cl\/?s={search_term_string}"},"query-input":"required name=search_term_string"}],"inLanguage":"es"}]}},"_links":{"self":[{"href":"https:\/\/go-shop.cl\/index.php\/wp-json\/wp\/v2\/pages\/2","targetHints":{"allow":["GET"]}}],"collection":[{"href":"https:\/\/go-shop.cl\/index.php\/wp-json\/wp\/v2\/pages"}],"about":[{"href":"https:\/\/go-shop.cl\/index.php\/wp-json\/wp\/v2\/types\/page"}],"author":[{"embeddable":true,"href":"https:\/\/go-shop.cl\/index.php\/wp-json\/wp\/v2\/users\/1"}],"replies":[{"embeddable":true,"href":"https:\/\/go-shop.cl\/index.php\/wp-json\/wp\/v2\/comments?post=2"}],"version-history":[{"count":2,"href":"https:\/\/go-shop.cl\/index.php\/wp-json\/wp\/v2\/pages\/2\/revisions"}],"predecessor-version":[{"id":20,"href":"https:\/\/go-shop.cl\/index.php\/wp-json\/wp\/v2\/pages\/2\/revisions\/20"}],"wp:attachment":[{"href":"https:\/\/go-shop.cl\/index.php\/wp-json\/wp\/v2\/media?parent=2"}],"curies":[{"name":"wp","href":"https:\/\/api.w.org\/{rel}","templated":true}]}}